{"id":24,"date":"2015-07-13T12:27:37","date_gmt":"2015-07-13T11:27:37","guid":{"rendered":"http:\/\/saloon-rodeo.be\/nieuw\/?page_id=24"},"modified":"2026-03-04T19:04:36","modified_gmt":"2026-03-04T18:04:36","slug":"home","status":"publish","type":"page","link":"https:\/\/saloon-rodeo.be\/","title":{"rendered":"Home"},"content":{"rendered":"<p>[vc_row parallax=&#8221;content-moving&#8221; parallax_image=&#8221;2554&#8243; row_id=&#8221;nieuws&#8221; bg_position=&#8221;center center&#8221; row_parallax=&#8221;false&#8221; el_id=&#8221;nieuws&#8221;][vc_column width=&#8221;2\/3&#8243;]\n\t<div class=\"wpc-special-heading-wrap wpb_content_element\" style=\"text-align: center\">\n\t\t<span class=\"special-heading-1\">Welkom bij Saloon Rodeo<\/span>\n\t\t<span class=\"special-heading-2\">Ontdek hier ons verhaal en onze menu's<\/span>\n\t<\/div>[\/vc_column][vc_column width=&#8221;1\/3&#8243;]\n\t<div class=\"wpc-special-heading-wrap wpb_content_element\" style=\"text-align: right\">\n\t\t<span class=\"special-heading-1\">Gezocht!<\/span>\n\t\t<span class=\"special-heading-2\">Word jij onze nieuwe keuken topper?<\/span>\n\t<\/div>[vc_single_image image=&#8221;2935&#8243; img_size=&#8221;1600&#215;1600&#8243;][\/vc_column][\/vc_row][vc_row][vc_column width=&#8221;1\/3&#8243;][vc_text_separator title=&#8221;Actiefolder&#8221;][vc_gallery type=&#8221;image_grid&#8221; images=&#8221;2954&#8243; img_size=&#8221;310&#215;500&#8243;][\/vc_column][vc_column width=&#8221;1\/3&#8243;][vc_text_separator title=&#8221;Groepenkaart&#8221;][vc_gallery type=&#8221;image_grid&#8221; images=&#8221;2958&#8243; img_size=&#8221;310&#215;500&#8243;][\/vc_column][vc_column width=&#8221;1\/3&#8243;][\/vc_column][\/vc_row][vc_row][vc_column width=&#8221;1\/3&#8243;][\/vc_column][vc_column width=&#8221;1\/3&#8243;][\/vc_column][vc_column width=&#8221;1\/3&#8243;][\/vc_column][\/vc_row][vc_row row_id=&#8221;over&#8221; row_type=&#8221;row_fullwidth_content&#8221; bg_image=&#8221;2559&#8243; bg_position=&#8221;center bottom&#8221; row_parallax=&#8221;false&#8221; el_id=&#8221;over&#8221;][vc_column]\n\t<div class=\"wpc-special-heading-wrap wpb_content_element\" style=\"text-align: center\">\n\t\t<span class=\"special-heading-1\">Over Saloon Rodeo<\/span>\n\t\t<span class=\"special-heading-2\">Alles over ons gezellig familierestaurant.<\/span>\n\t<\/div>[\/vc_column][\/vc_row][vc_row][vc_column width=&#8221;1\/4&#8243;][vc_column_text]<\/p>\n<h3>Saloon Rodeo<\/h3>\n<p>[\/vc_column_text][\/vc_column][vc_column width=&#8221;1\/2&#8243;][vc_column_text]Restaurant Rodeo is een echt familierestaurant, maar daarnaast de ideale gelegenheid voor uw zakelijke ontmoetingen. Wij hebben niet alleen oog voor de verzorging van een diner of lunch, maar u kunt ook gezellig een drankje nuttigen in combinatie met kleine tapas in ons restaurant of op het buitenterras.<\/p>\n<p>Iedere dag opnieuw zetten wij ons enthousiast in om onze gasten te laten genieten van de culinaire finesse en gastvrijheid die recht uit ons hart komt. Met de passie, de toewijding en het vakmanschap waarmee wij werken, behoren we tot de betere Steak restaurants in de regio. Een positie waar we trots op zijn en waar we ook u van willen laten meegenieten![\/vc_column_text][\/vc_column][vc_column width=&#8221;1\/4&#8243;][vc_single_image image=&#8221;27&#8243; img_size=&#8221;250&#215;250&#8243;][\/vc_column][\/vc_row][vc_row][vc_column width=&#8221;1\/4&#8243;][vc_column_text]<\/p>\n<h3>DE RODEO KEUKEN<\/h3>\n<p>[\/vc_column_text][\/vc_column][vc_column width=&#8221;1\/2&#8243;][vc_column_text]Restaurant Rodeo heeft een uitgebreide en gevarieerde menukaart. Ons vlees is afkomstig van runderen die grazen op de Argentijnse pampa&#8217;s, waardoor het zijn ultieme smaak behoudt. De superieure kwaliteit hiervan is \u00e9\u00e9n van onze specialiteiten. Ook voor de visliefhebber en de vegetari\u00ebr hebben wij een ruim aanbod en culinaire hoogstandjes gaan wij niet uit de weg.\u00a0Indien gewenst verzorgen wij daarnaast buffetten voor grotere groepen, die eventueel naar uw eigen wensen kunnen worden samengesteld.<\/p>\n<p>Wij stellen het erg op prijs dat u met uw gezelschap ons restaurant heeft uitgekozen om een gezellig avondje door te brengen in een relaxte vakantiesfeer.\u00a0Voor menu&#8217;s voor groepen vanaf 11 personen kan u bij &#8216;nieuws&#8217; kijken!\u00a0Hier zal u alle nodige informatie vinden.<\/p>\n<h3><\/h3>\n<p>[\/vc_column_text][\/vc_column][vc_column width=&#8221;1\/4&#8243;][vc_single_image image=&#8221;2619&#8243; img_size=&#8221;250&#215;250&#8243;][\/vc_column][\/vc_row][vc_row][vc_column width=&#8221;1\/4&#8243;][vc_column_text]<\/p>\n<h3>Rodeo en kinderen<\/h3>\n<p>[\/vc_column_text][\/vc_column][vc_column width=&#8221;1\/2&#8243;][vc_column_text]Rodeo is voor u en uw kinderen een waar paradijs!<br \/>\nWat beter dan zelf heerlijk te genieten van uw diner, terwijl u kinderen zich vermaken in onze indoor kinderspeelruimte van ruim 200m2: Los Bandidos del Rodeo. Daar vinden zij een kinder cinema, spingkussen, trampoline, een hoek voor kleintjes onder de 3jr en een mega buizenstelsel, waar ze uren plezier aan kunnen beleven.<br \/>\nNatuurlijk moeten de kids ook eten, en daarvoor is er de ruime keuze uit wel 8 kindermenus.<br \/>\nKinderfeestje? Ook dat is mogelijk, vanaf \u20ac7,50 p.p. met volledig vrij gebruik ons kinderparadijs![\/vc_column_text][\/vc_column][vc_column width=&#8221;1\/4&#8243;][vc_single_image image=&#8221;2658&#8243; img_size=&#8221;250&#215;250&#8243;][\/vc_column][\/vc_row][vc_row][vc_column width=&#8221;1\/4&#8243;][vc_column_text]<\/p>\n<h3>Zakelijke klanten<\/h3>\n<p>[\/vc_column_text][\/vc_column][vc_column width=&#8221;1\/2&#8243;][vc_column_text]Restaurant Rodeo staat garant voor het succesvol organiseren van vergaderingen, zakelijke ontvangsten of (bedrijfs)presentaties. Wij beschikken over een praktische en vooral sfeervolle ruimte, voor zowel grote als kleine gezelschappen.\u00a0Uw gasten zijn immers ook onze gasten, en samen met u zullen wij zorgen voor een geslaagde dag![\/vc_column_text][\/vc_column][vc_column width=&#8221;1\/4&#8243;][vc_single_image image=&#8221;2622&#8243; img_size=&#8221;250&#215;250&#8243;][\/vc_column][\/vc_row][vc_row][vc_column width=&#8221;1\/4&#8243;][vc_column_text]<\/p>\n<h3>UW FEEST IN RODEO<\/h3>\n<p>[\/vc_column_text][\/vc_column][vc_column width=&#8221;1\/2&#8243;][vc_column_text]Voor grote of kleine gezelschappen staan wij bij Rodeo klaar om u met raad en daad bij te staan om van uw feest een onvergetelijk gebeuren te maken! Voor meer info kan u vrijblijvend contact met ons opnemen.[\/vc_column_text][\/vc_column][vc_column width=&#8221;1\/4&#8243;][vc_single_image image=&#8221;2659&#8243; img_size=&#8221;250&#215;250&#8243;][\/vc_column][\/vc_row][vc_row row_id=&#8221;menu&#8221; row_type=&#8221;row_fullwidth_content&#8221; bg_image=&#8221;2559&#8243; bg_position=&#8221;center bottom&#8221; row_parallax=&#8221;false&#8221; el_id=&#8221;menu&#8221;][vc_column]\n\t<div class=\"wpc-special-heading-wrap wpb_content_element\" style=\"text-align: center\">\n\t\t<span class=\"special-heading-1\">Menukaart<\/span>\n\t\t<span class=\"special-heading-2\">Smakelijk kiezen.<\/span>\n\t<\/div>[\/vc_column][\/vc_row][vc_row][vc_column width=&#8221;1\/3&#8243;][vc_column_text]<\/p>\n<h3 style=\"text-align: center;\">Eetkaart<\/h3>\n<p>[\/vc_column_text][vc_separator color=&#8221;chino&#8221;][vc_column_text]<a href=\"https:\/\/saloon-rodeo.be\/wp-content\/uploads\/2024\/12\/MenuDecember20024.pdf\" target=\"_blank\" rel=\"attachment noopener wp-att-2813\"><img loading=\"lazy\" decoding=\"async\" class=\"aligncenter wp-image-2813 size-full\" src=\"https:\/\/saloon-rodeo.be\/wp-content\/uploads\/2015\/07\/Rodeo_menukaart_Pagina_1.jpg\" alt=\"Rodeo_menukaart_Pagina_1\" width=\"1754\" height=\"2481\" srcset=\"https:\/\/saloon-rodeo.be\/wp-content\/uploads\/2015\/07\/Rodeo_menukaart_Pagina_1.jpg 1754w, https:\/\/saloon-rodeo.be\/wp-content\/uploads\/2015\/07\/Rodeo_menukaart_Pagina_1-212x300.jpg 212w, https:\/\/saloon-rodeo.be\/wp-content\/uploads\/2015\/07\/Rodeo_menukaart_Pagina_1-768x1086.jpg 768w, https:\/\/saloon-rodeo.be\/wp-content\/uploads\/2015\/07\/Rodeo_menukaart_Pagina_1-724x1024.jpg 724w\" sizes=\"(max-width: 1754px) 100vw, 1754px\" \/><\/a>[\/vc_column_text][\/vc_column][vc_column width=&#8221;1\/3&#8243;][vc_column_text]<\/p>\n<h3 style=\"text-align: center;\">KINDERKAART<\/h3>\n<p>[\/vc_column_text][vc_separator color=&#8221;chino&#8221;][vc_column_text]<a href=\"https:\/\/saloon-rodeo.be\/wp-content\/uploads\/2018\/09\/Rodeo_kinderen.pdf\" target=\"_blank\" rel=\"attachment noopener wp-att-2813\"><img loading=\"lazy\" decoding=\"async\" class=\"aligncenter wp-image-2813 size-full\" src=\"https:\/\/saloon-rodeo.be\/wp-content\/uploads\/2015\/07\/Rodeo_menukaart_Pagina_1.jpg\" alt=\"Rodeo_menukaart_Pagina_1\" width=\"1754\" height=\"2481\" srcset=\"https:\/\/saloon-rodeo.be\/wp-content\/uploads\/2015\/07\/Rodeo_menukaart_Pagina_1.jpg 1754w, https:\/\/saloon-rodeo.be\/wp-content\/uploads\/2015\/07\/Rodeo_menukaart_Pagina_1-212x300.jpg 212w, https:\/\/saloon-rodeo.be\/wp-content\/uploads\/2015\/07\/Rodeo_menukaart_Pagina_1-768x1086.jpg 768w, https:\/\/saloon-rodeo.be\/wp-content\/uploads\/2015\/07\/Rodeo_menukaart_Pagina_1-724x1024.jpg 724w\" sizes=\"(max-width: 1754px) 100vw, 1754px\" \/><\/a>[\/vc_column_text][\/vc_column][vc_column width=&#8221;1\/3&#8243;][vc_column_text]<\/p>\n<h3 style=\"text-align: center;\">Drank- &amp; wijnkaart<\/h3>\n<p>[\/vc_column_text][vc_separator color=&#8221;chino&#8221;][vc_column_text]<a href=\"https:\/\/saloon-rodeo.be\/wp-content\/uploads\/2023\/12\/DrankWijnKaart_2024.pdf\" target=\"_blank\" rel=\"attachment noopener wp-att-2813\"><img loading=\"lazy\" decoding=\"async\" class=\"aligncenter wp-image-2813 size-full\" src=\"https:\/\/saloon-rodeo.be\/wp-content\/uploads\/2015\/07\/Rodeo_menukaart_Pagina_1.jpg\" alt=\"Rodeo_menukaart_Pagina_1\" width=\"1754\" height=\"2481\" srcset=\"https:\/\/saloon-rodeo.be\/wp-content\/uploads\/2015\/07\/Rodeo_menukaart_Pagina_1.jpg 1754w, https:\/\/saloon-rodeo.be\/wp-content\/uploads\/2015\/07\/Rodeo_menukaart_Pagina_1-212x300.jpg 212w, https:\/\/saloon-rodeo.be\/wp-content\/uploads\/2015\/07\/Rodeo_menukaart_Pagina_1-768x1086.jpg 768w, https:\/\/saloon-rodeo.be\/wp-content\/uploads\/2015\/07\/Rodeo_menukaart_Pagina_1-724x1024.jpg 724w\" sizes=\"(max-width: 1754px) 100vw, 1754px\" \/><\/a>[\/vc_column_text][\/vc_column][\/vc_row][vc_row row_id=&#8221;impressie&#8221; row_type=&#8221;row_fullwidth_content&#8221; bg_image=&#8221;2559&#8243; bg_position=&#8221;center center&#8221; bg_repeat=&#8221;repeat&#8221; el_id=&#8221;impressie&#8221;][vc_column]\n\t<div class=\"wpc-special-heading-wrap wpb_content_element\" style=\"text-align: center\">\n\t\t<span class=\"special-heading-1\">Impressie<\/span>\n\t\t<span class=\"special-heading-2\">Snuif hier de sfeer al op!<\/span>\n\t<\/div>[\/vc_column][\/vc_row][vc_row][vc_column width=&#8221;1\/4&#8243;][vc_column_text]<\/p>\n<h3>Feestdagen<\/h3>\n<p>[\/vc_column_text][\/vc_column][vc_column width=&#8221;3\/4&#8243;][vc_gallery type=&#8221;image_grid&#8221; images=&#8221;2833&#8243;][\/vc_column][\/vc_row][vc_row][vc_column width=&#8221;1\/4&#8243;][vc_column_text]<\/p>\n<h3>TROUW CHRISSY EN DANNY VAN RUL<\/h3>\n<p>[\/vc_column_text][\/vc_column][vc_column width=&#8221;3\/4&#8243;][vc_gallery type=&#8221;image_grid&#8221; images=&#8221;2782,2768,2769,2770,2772,2773,2774,2775,2776,2777,2778,2779,2780,2781&#8243;][\/vc_column][\/vc_row][vc_row][vc_column width=&#8221;1\/4&#8243;][vc_column_text]<\/p>\n<h3>BEDRIJFSFEEST RC TRAVEL<\/h3>\n<p>[\/vc_column_text][\/vc_column][vc_column width=&#8221;3\/4&#8243;][vc_gallery type=&#8221;image_grid&#8221; images=&#8221;2733,2734,2735,2736,2737,2738,2739,2740,2741,2742,2743,2744,2745,2746,2747,2748,2749,2750,2751,2752,2753&#8243;][\/vc_column][\/vc_row][vc_row][vc_column width=&#8221;1\/4&#8243;][vc_column_text]<\/p>\n<h3>10 JAAR RODEO<\/h3>\n<p>[\/vc_column_text][\/vc_column][vc_column width=&#8221;3\/4&#8243;][vc_gallery type=&#8221;image_grid&#8221; images=&#8221;2700,2701,2702,2703,2704,2705,2706,2707,2708,2709,2710,2711,2712,2713,2714,2715,2716,2717&#8243;][\/vc_column][\/vc_row][vc_row][vc_column width=&#8221;1\/4&#8243;][vc_column_text]<\/p>\n<h3>OUD OP NIEUW 2017<\/h3>\n<p>[\/vc_column_text][\/vc_column][vc_column width=&#8221;3\/4&#8243;][vc_gallery type=&#8221;image_grid&#8221; images=&#8221;2702,2718,2719,2720,2721,2722,2723,2724,2725,2726,2727,2728,2729,2730,2731&#8243;][\/vc_column][\/vc_row][vc_row parallax=&#8221;content-moving&#8221; row_id=&#8221;contact&#8221; row_type=&#8221;row_fullwidth_content&#8221; bg_image=&#8221;2559&#8243; bg_position=&#8221;center center&#8221; bg_repeat=&#8221;repeat&#8221; el_id=&#8221;contact&#8221;][vc_column]\n\t<div class=\"wpc-special-heading-wrap wpb_content_element\" style=\"text-align: center\">\n\t\t<span class=\"special-heading-1\">Contacteer ons<\/span>\n\t\t<span class=\"special-heading-2\">Hopelijk zien we U snel!<\/span>\n\t<\/div>[\/vc_column][\/vc_row][vc_row][vc_column width=&#8221;1\/2&#8243;][vc_gmaps link=&#8221;#E-8_JTNDaWZyYW1lJTIwc3JjJTNEJTIyaHR0cHMlM0ElMkYlMkZ3d3cuZ29vZ2xlLmNvbSUyRm1hcHMlMkZlbWJlZCUzRnBiJTNEJTIxMW0xOCUyMTFtMTIlMjExbTMlMjExZDI0OTcuNzkxMDAwMTM3MDU0JTIxMmQ1LjQ4MjEyMjIwMDAwMDAwNDUlMjEzZDUxLjI0MTM0Mzg5OTk5OTk5JTIxMm0zJTIxMWYwJTIxMmYwJTIxM2YwJTIxM20yJTIxMWkxMDI0JTIxMmk3NjglMjE0ZjEzLjElMjEzbTMlMjExbTIlMjExczB4NDdjNmQ1Njg0MTRkZmU1NyUyNTNBMHg5ZTNjOTkyMmMzMjlkZjIwJTIxMnNSZXN0YXVyYW50JTJCUm9kZW8lMjE1ZTAlMjEzbTIlMjExc25sJTIxMnNiZSUyMTR2MTQzNzIyNjIxNjc2MSUyMiUyMHdpZHRoJTNEJTIyMjUwJTIyJTIwaGVpZ2h0JTNEJTIyMjUwJTIyJTIwZnJhbWVib3JkZXIlM0QlMjIwJTIyJTIwc3R5bGUlM0QlMjJib3JkZXIlM0EwJTIyJTIwYWxsb3dmdWxsc2NyZWVuJTNFJTNDJTJGaWZyYW1lJTNF&#8221; title=&#8221;Op de kaart&#8221;][vc_separator color=&#8221;chino&#8221; align=&#8221;align_left&#8221; el_width=&#8221;60&#8243;][vc_column_text]<\/p>\n<h3>Nieuwsbrief<\/h3>\n<p><script src=\"http:\/\/form.jotformeu.com\/jsform\/30982706647362\" type=\"text\/javascript\"><\/script>[\/vc_column_text][\/vc_column][vc_column width=&#8221;1\/2&#8243;]\n\t<div class=\"contact-info-box wpb_content_element\">\n\t\t<div class=\"contact-info-item\">\n\t\t\t<div class=\"contact-text\"><span>Algemene gegevens<\/span><\/div>\n\t\t\t<div class=\"contact-value\">Restaurant Rodeo<br \/>\nHamonterweg 142<br \/>\n3910 Neerpelt<br \/>\nwww.saloon-rodeo.be<br \/>\nrodeobelgie@gmail.com<\/div>\n\t\t<\/div>\n\t\t<div class=\"contact-info-item\">\n\t\t\t<div class=\"contact-text\"><span>Telefoon:<\/span><\/div>\n\t\t\t<div class=\"contact-value\">0032(0)11\/806680<\/div>\n\t\t<\/div>\n\t\t<div class=\"contact-info-item\">\n\t\t\t<div class=\"contact-text\"><span>Email:<\/span><\/div>\n\t\t\t<div class=\"contact-value\">rodeobelgie@gmail.com<\/div>\n\t\t<\/div>\n\t<\/div>[vc_separator color=&#8221;chino&#8221; align=&#8221;align_left&#8221; el_width=&#8221;60&#8243;][vc_column_text]<\/p>\n<h3>Openingsuren<\/h3>\n<p>maandag\u00a0t.e.m zaterdag: open vanaf 17.00u<br \/>\nZondag: vanaf 12.00u<\/p>\n<h3>Keuken<\/h3>\n<p>Zondag t.e.m. donderdag:<br \/>\nkeuken gesloten om 21.30<\/p>\n<p>Vrijdag en zaterdag<br \/>\nkeuken gesloten om 22.00[\/vc_column_text][\/vc_column][\/vc_row]<\/p>\n","protected":false},"excerpt":{"rendered":"<p>[vc_row parallax=&#8221;content-moving&#8221; parallax_image=&#8221;2554&#8243; row_id=&#8221;nieuws&#8221; bg_position=&#8221;center center&#8221; row_parallax=&#8221;false&#8221; el_id=&#8221;nieuws&#8221;][vc_column width=&#8221;2\/3&#8243;][\/vc_column][vc_column width=&#8221;1\/3&#8243;][vc_single_image image=&#8221;2935&#8243; img_size=&#8221;1600&#215;1600&#8243;][\/vc_column][\/vc_row][vc_row][vc_column width=&#8221;1\/3&#8243;][vc_text_separator title=&#8221;Actiefolder&#8221;][vc_gallery type=&#8221;image_grid&#8221; images=&#8221;2954&#8243; img_size=&#8221;310&#215;500&#8243;][\/vc_column][vc_column width=&#8221;1\/3&#8243;][vc_text_separator title=&#8221;Groepenkaart&#8221;][vc_gallery type=&#8221;image_grid&#8221; images=&#8221;2958&#8243; img_size=&#8221;310&#215;500&#8243;][\/vc_column][vc_column width=&#8221;1\/3&#8243;][\/vc_column][\/vc_row][vc_row][vc_column width=&#8221;1\/3&#8243;][\/vc_column][vc_column width=&#8221;1\/3&#8243;][\/vc_column][vc_column width=&#8221;1\/3&#8243;][\/vc_column][\/vc_row][vc_row row_id=&#8221;over&#8221; row_type=&#8221;row_fullwidth_content&#8221; bg_image=&#8221;2559&#8243; bg_position=&#8221;center bottom&#8221; row_parallax=&#8221;false&#8221; el_id=&#8221;over&#8221;][vc_column][\/vc_column][\/vc_row][vc_row][vc_column width=&#8221;1\/4&#8243;][vc_column_text] Saloon Rodeo [\/vc_column_text][\/vc_column][vc_column width=&#8221;1\/2&#8243;][vc_column_text]Restaurant Rodeo is een echt familierestaurant, maar daarnaast de ideale gelegenheid voor uw zakelijke ontmoetingen. Wij hebben niet [&hellip;]<\/p>\n","protected":false},"author":1,"featured_media":0,"parent":0,"menu_order":0,"comment_status":"closed","ping_status":"open","template":"","meta":{"footnotes":""},"jetpack_shortlink":"https:\/\/wp.me\/PaoDCe-o","_links":{"self":[{"href":"https:\/\/saloon-rodeo.be\/index.php?rest_route=\/wp\/v2\/pages\/24"}],"collection":[{"href":"https:\/\/saloon-rodeo.be\/index.php?rest_route=\/wp\/v2\/pages"}],"about":[{"href":"https:\/\/saloon-rodeo.be\/index.php?rest_route=\/wp\/v2\/types\/page"}],"author":[{"embeddable":true,"href":"https:\/\/saloon-rodeo.be\/index.php?rest_route=\/wp\/v2\/users\/1"}],"replies":[{"embeddable":true,"href":"https:\/\/saloon-rodeo.be\/index.php?rest_route=%2Fwp%2Fv2%2Fcomments&post=24"}],"version-history":[{"count":201,"href":"https:\/\/saloon-rodeo.be\/index.php?rest_route=\/wp\/v2\/pages\/24\/revisions"}],"predecessor-version":[{"id":2973,"href":"https:\/\/saloon-rodeo.be\/index.php?rest_route=\/wp\/v2\/pages\/24\/revisions\/2973"}],"wp:attachment":[{"href":"https:\/\/saloon-rodeo.be\/index.php?rest_route=%2Fwp%2Fv2%2Fmedia&parent=24"}],"curies":[{"name":"wp","href":"https:\/\/api.w.org\/{rel}","templated":true}]}}